{"id":23,"date":"2016-02-12T08:12:49","date_gmt":"2016-02-12T08:12:49","guid":{"rendered":"http:\/\/demos.famethemes.com\/onepress\/?page_id=23"},"modified":"2024-12-14T00:29:42","modified_gmt":"2024-12-14T00:29:42","slug":"service-title-1","status":"publish","type":"page","link":"https:\/\/hazlosoftware.com\/?page_id=23","title":{"rendered":"Software Propio y Desarrollado a la Medida"},"content":{"rendered":"<h4><span style=\"color: #000080;\"><strong>Software Manager Gesti\u00f3n de Mantenimiento Industrial<\/strong><\/span><\/h4>\n<p><a href=\"https:\/\/hazlosoftware.com\/wp-content\/uploads\/2024\/06\/manager.bmp\"><img loading=\"lazy\" decoding=\"async\" class=\"alignnone  wp-image-1553\" src=\"https:\/\/hazlosoftware.com\/wp-content\/uploads\/2024\/06\/manager.bmp\" alt=\"\" width=\"344\" height=\"88\" \/><\/a><\/p>\n<h4>Software que gestiona la informaci\u00f3n requerida para apoyar la gesti\u00f3n administrativa y t\u00e9cnica del \u00e1rea de mantenimiento, de forma pr\u00e1ctica y \u00f3ptima; que contribuye a lograr los objetivos como:<br \/>\n&#8211; Implementaci\u00f3n del Mantenimiento preventivo<br \/>\n&#8211; Estandarizaci\u00f3n de Actividades<br \/>\n&#8211; Mejora continua en el \u00e1rea de mantenimiento,<br \/>\n&#8211; Planeaci\u00f3n del trabajo del personal de mantenimiento<br \/>\n&#8211; Determinar Cambio o Compra de Equipos<br \/>\n&#8211; Selecci\u00f3n Adecuada de Repuestos<br \/>\n&#8211; Selecci\u00f3n de Proveedores Externos<br \/>\n&#8211; Reducir Mantenimiento Correctivo<br \/>\n&#8211; Estado de Operaci\u00f3n Optimo de las M\u00e1quinas<br \/>\n&#8211; Reducci\u00f3n de Costos y Tiempos de Mantenimiento<\/h4>\n<p><!--more--><\/p>\n<p><!--more--><\/p>\n<h4><strong><span style=\"color: #000080;\">Software a la Medida<\/span><\/strong><\/h4>\n<p><img loading=\"lazy\" decoding=\"async\" class=\"alignnone size-medium wp-image-1556\" src=\"https:\/\/hazlosoftware.com\/wp-content\/uploads\/2024\/06\/Desarrollo-de-Software-300x123.jpg\" alt=\"\" width=\"300\" height=\"123\" srcset=\"https:\/\/hazlosoftware.com\/wp-content\/uploads\/2024\/06\/Desarrollo-de-Software-300x123.jpg 300w, https:\/\/hazlosoftware.com\/wp-content\/uploads\/2024\/06\/Desarrollo-de-Software.jpg 530w\" sizes=\"auto, (max-width: 300px) 100vw, 300px\" \/><\/p>\n<h4>Nuestra experiencia y conocimiento en los proceso de las empresas de manufactura, servicios y transporte; nos permiten desarrollar software a la medida o realizar mejoras a los ya existentes.<\/h4>\n<h4>El desarrollo de software a la medida dar\u00e1 como resultado un sistema que se adapta a las necesidades del cliente y no al rev\u00e9s, con las siguientes las ventajas:<\/h4>\n<h4>&#8211; Se ajusta a las necesidades espec\u00edficas desde el principio<br \/>\n&#8211; Permite mayor control sobre el proyecto<br \/>\n&#8211; Permite mayor flexibilidad<br \/>\n&#8211; Brinda soporte t\u00e9cnico personalizado<\/h4>\n","protected":false},"excerpt":{"rendered":"<p><b> Ofrecemos al mercado nuestro software Manager Gesti\u00f3n de Mantenimiento Industrial y desarrollar software a la medida o realizar mejoras a los ya existentes. <\/b><\/p>\n","protected":false},"author":2,"featured_media":1529,"parent":0,"menu_order":0,"comment_status":"closed","ping_status":"closed","template":"","meta":{"footnotes":""},"class_list":["post-23","page","type-page","status-publish","has-post-thumbnail","hentry"],"_links":{"self":[{"href":"https:\/\/hazlosoftware.com\/index.php?rest_route=\/wp\/v2\/pages\/23","targetHints":{"allow":["GET"]}}],"collection":[{"href":"https:\/\/hazlosoftware.com\/index.php?rest_route=\/wp\/v2\/pages"}],"about":[{"href":"https:\/\/hazlosoftware.com\/index.php?rest_route=\/wp\/v2\/types\/page"}],"author":[{"embeddable":true,"href":"https:\/\/hazlosoftware.com\/index.php?rest_route=\/wp\/v2\/users\/2"}],"replies":[{"embeddable":true,"href":"https:\/\/hazlosoftware.com\/index.php?rest_route=%2Fwp%2Fv2%2Fcomments&post=23"}],"version-history":[{"count":13,"href":"https:\/\/hazlosoftware.com\/index.php?rest_route=\/wp\/v2\/pages\/23\/revisions"}],"predecessor-version":[{"id":1564,"href":"https:\/\/hazlosoftware.com\/index.php?rest_route=\/wp\/v2\/pages\/23\/revisions\/1564"}],"wp:featuredmedia":[{"embeddable":true,"href":"https:\/\/hazlosoftware.com\/index.php?rest_route=\/wp\/v2\/media\/1529"}],"wp:attachment":[{"href":"https:\/\/hazlosoftware.com\/index.php?rest_route=%2Fwp%2Fv2%2Fmedia&parent=23"}],"curies":[{"name":"wp","href":"https:\/\/api.w.org\/{rel}","templated":true}]}}