{"id":25,"date":"2016-02-12T08:13:22","date_gmt":"2016-02-12T08:13:22","guid":{"rendered":"http:\/\/demos.famethemes.com\/onepress\/?page_id=25"},"modified":"2024-06-23T23:27:15","modified_gmt":"2024-06-23T23:27:15","slug":"service-title-3","status":"publish","type":"page","link":"https:\/\/hazlosoftware.com\/?page_id=25","title":{"rendered":"Capacitaci\u00f3n en Ofim\u00e1tica"},"content":{"rendered":"<h4>Capacitaci\u00f3n v\u00eda remota o presencial en herramientas ofim\u00e1ticas como: Excel, Power Point Word, y Power BI.<\/h4>\n\n\n<p><\/p>\n","protected":false},"excerpt":{"rendered":"<p><b> Capacitaci\u00f3n v\u00eda remota o presencial en herramientas ofim\u00e1ticas como: Excel, Power Point Word, y Power BI. <\/b><\/p>\n","protected":false},"author":2,"featured_media":1526,"parent":0,"menu_order":0,"comment_status":"closed","ping_status":"closed","template":"","meta":{"footnotes":""},"class_list":["post-25","page","type-page","status-publish","has-post-thumbnail","hentry"],"_links":{"self":[{"href":"https:\/\/hazlosoftware.com\/index.php?rest_route=\/wp\/v2\/pages\/25","targetHints":{"allow":["GET"]}}],"collection":[{"href":"https:\/\/hazlosoftware.com\/index.php?rest_route=\/wp\/v2\/pages"}],"about":[{"href":"https:\/\/hazlosoftware.com\/index.php?rest_route=\/wp\/v2\/types\/page"}],"author":[{"embeddable":true,"href":"https:\/\/hazlosoftware.com\/index.php?rest_route=\/wp\/v2\/users\/2"}],"replies":[{"embeddable":true,"href":"https:\/\/hazlosoftware.com\/index.php?rest_route=%2Fwp%2Fv2%2Fcomments&post=25"}],"version-history":[{"count":4,"href":"https:\/\/hazlosoftware.com\/index.php?rest_route=\/wp\/v2\/pages\/25\/revisions"}],"predecessor-version":[{"id":1520,"href":"https:\/\/hazlosoftware.com\/index.php?rest_route=\/wp\/v2\/pages\/25\/revisions\/1520"}],"wp:featuredmedia":[{"embeddable":true,"href":"https:\/\/hazlosoftware.com\/index.php?rest_route=\/wp\/v2\/media\/1526"}],"wp:attachment":[{"href":"https:\/\/hazlosoftware.com\/index.php?rest_route=%2Fwp%2Fv2%2Fmedia&parent=25"}],"curies":[{"name":"wp","href":"https:\/\/api.w.org\/{rel}","templated":true}]}}