{"id":26,"date":"2016-02-12T08:13:33","date_gmt":"2016-02-12T08:13:33","guid":{"rendered":"http:\/\/demos.famethemes.com\/onepress\/?page_id=26"},"modified":"2024-06-23T23:35:03","modified_gmt":"2024-06-23T23:35:03","slug":"service-title-4","status":"publish","type":"page","link":"https:\/\/hazlosoftware.com\/?page_id=26","title":{"rendered":"Inteligencia de Negocios (BI)"},"content":{"rendered":"<h4>Al momento de procesar la informaci\u00f3n que resulta de sus procesos administrativos, comerciales y t\u00e9cnicos; es necesario aplicar BI para apoyar la toma de decisiones, y ser m\u00e1s asertivo en estas.<\/h4>\n","protected":false},"excerpt":{"rendered":"<p><b> Al momento de procesar la informaci\u00f3n que resulta de sus procesos administrativos, comerciales y t\u00e9cnicos; es necesario aplicar BI para apoyar la toma de decisiones, y ser m\u00e1s asertivo en estas. <\/b><\/p>\n","protected":false},"author":2,"featured_media":1528,"parent":0,"menu_order":0,"comment_status":"closed","ping_status":"closed","template":"","meta":{"footnotes":""},"class_list":["post-26","page","type-page","status-publish","has-post-thumbnail","hentry"],"_links":{"self":[{"href":"https:\/\/hazlosoftware.com\/index.php?rest_route=\/wp\/v2\/pages\/26","targetHints":{"allow":["GET"]}}],"collection":[{"href":"https:\/\/hazlosoftware.com\/index.php?rest_route=\/wp\/v2\/pages"}],"about":[{"href":"https:\/\/hazlosoftware.com\/index.php?rest_route=\/wp\/v2\/types\/page"}],"author":[{"embeddable":true,"href":"https:\/\/hazlosoftware.com\/index.php?rest_route=\/wp\/v2\/users\/2"}],"replies":[{"embeddable":true,"href":"https:\/\/hazlosoftware.com\/index.php?rest_route=%2Fwp%2Fv2%2Fcomments&post=26"}],"version-history":[{"count":6,"href":"https:\/\/hazlosoftware.com\/index.php?rest_route=\/wp\/v2\/pages\/26\/revisions"}],"predecessor-version":[{"id":1522,"href":"https:\/\/hazlosoftware.com\/index.php?rest_route=\/wp\/v2\/pages\/26\/revisions\/1522"}],"wp:featuredmedia":[{"embeddable":true,"href":"https:\/\/hazlosoftware.com\/index.php?rest_route=\/wp\/v2\/media\/1528"}],"wp:attachment":[{"href":"https:\/\/hazlosoftware.com\/index.php?rest_route=%2Fwp%2Fv2%2Fmedia&parent=26"}],"curies":[{"name":"wp","href":"https:\/\/api.w.org\/{rel}","templated":true}]}}